{"id":958,"date":"2023-02-14T15:20:45","date_gmt":"2023-02-14T14:20:45","guid":{"rendered":"https:\/\/orcid-dk.dk\/?page_id=958"},"modified":"2023-02-14T15:22:06","modified_gmt":"2023-02-14T14:22:06","slug":"fordele-ved-orcid-2","status":"publish","type":"page","link":"https:\/\/orcid-dk.dk\/?page_id=958&lang=da","title":{"rendered":"Fordele ved ORCID"},"content":{"rendered":"\n<p>Som forsker oplever du sikkert en gang i mellem, at din forskning bliver blandet sammen med andres, der har et navn der ligner dit. Derfor&nbsp;vil det v\u00e6re praktisk, hvis du let og utvetydigt kan identificere dit forskningsarbejde, hvad enten der er tale om dataset, udstyr, artikler, medieomtale, citationer, eksperimenter, patenter eller notesb\u00f8ger. Derudover, n\u00e5r man som forsker&nbsp;s\u00e5 ogs\u00e5 samarbejder p\u00e5 tv\u00e6rs af discipliner, institutioner og landegr\u00e6nser, bliver man ofte m\u00f8dt af mange forskelligartede forskningsregistreringssystemer. Den tid man bruger p\u00e5 at indtaste de samme data igen og igen er tidsr\u00f8vende, og kan v\u00e6re frustrerende.<\/p>\n\n\n\n<p>ORCID er et \u00e5bent, almennyttigt og&nbsp;lokalforankret tiltag i forhold til at etablere og vedligeholde et register over unikke forskeridentifikatorer, og en&nbsp;transparent metode til&nbsp;sammenk\u00e6dning af forskningsaktiviteter og resultater til disse identifikatorer. ORCID er enest\u00e5ende i sin evne til at r\u00e6kke p\u00e5 tv\u00e6rs af faglige discipliner, forskningssektorer og nationale gr\u00e6nser. ORCID er et knudepunkt i forhold til sammenkobling af forskning med rette forsker, som sker ved hj\u00e6lp af indlejring af ORCID identifikatorer&nbsp;i centrale dele af workflowet, som f.eks. i forbindelse med vedligeholdelse af forskerprofil,&nbsp;forskningsregistrering, legatans\u00f8gninger og&nbsp;ans\u00f8gninger om patent.<\/p>\n\n\n\n<p>ORCID tilbyder to kernefunktioner: (1) et register hvor man kan f\u00e5 en unik ORCID identifikator og selv styre en liste over egne aktiviteter; og (2)&nbsp;API&#8217;er der underst\u00f8tter kommunikation og autentifikation systemerne imellem.&nbsp;&nbsp;ORCID g\u00f8r sin kode tilg\u00e6ngelig gennem en &#8220;open source&#8221; licens, og offentligg\u00f8r en \u00e5rlig datafil <span class=\"hps\">under<\/span> <span class=\"hps\">en<\/span> <span class=\"hps\">CC0<\/span> <span class=\"hps\">dispensation<\/span> <span class=\"hps\">til gratis download<\/span>.<\/p>\n\n\n\n<p>ORCID registret er gratis tilg\u00e6ngeligt for enkeltpersoner, der kan f\u00e5 et ORCID forsker ID, styrer deres egen liste over forskningsaktiviteter, og s\u00f8ge efter andre forskere i registret. Organisationer kan ligeledes blive medlemmer og k\u00e6de deres poster sammen med ORCID identifikatorer, opdatere deres ORCID fortegnelser, og modtage opdatering fra ORCID, samt registrere deres ansatte og studerende, s\u00e5 de f\u00e5r et forsker ID.<\/p>\n","protected":false},"excerpt":{"rendered":"<p>Som forsker oplever du sikkert en gang i mellem, at din forskning bliver blandet sammen med andres, der har et navn der ligner dit. Derfor&nbsp;vil det v\u00e6re praktisk, hvis du let og utvetydigt kan identificere dit forskningsarbejde, hvad enten der er tale om dataset, udstyr, artikler, medieomtale, citationer, eksperimenter, patenter eller notesb\u00f8ger. Derudover, n\u00e5r man &hellip; <a href=\"https:\/\/orcid-dk.dk\/?page_id=958&#038;lang=da\" class=\"more-link\">Continue reading<span class=\"screen-reader-text\"> &#8220;Fordele ved ORCID&#8221;<\/span><\/a><\/p>\n","protected":false},"author":8,"featured_media":0,"parent":0,"menu_order":0,"comment_status":"closed","ping_status":"closed","template":"","meta":{"footnotes":""},"class_list":["post-958","page","type-page","status-publish","hentry"],"_links":{"self":[{"href":"https:\/\/orcid-dk.dk\/index.php?rest_route=\/wp\/v2\/pages\/958","targetHints":{"allow":["GET"]}}],"collection":[{"href":"https:\/\/orcid-dk.dk\/index.php?rest_route=\/wp\/v2\/pages"}],"about":[{"href":"https:\/\/orcid-dk.dk\/index.php?rest_route=\/wp\/v2\/types\/page"}],"author":[{"embeddable":true,"href":"https:\/\/orcid-dk.dk\/index.php?rest_route=\/wp\/v2\/users\/8"}],"replies":[{"embeddable":true,"href":"https:\/\/orcid-dk.dk\/index.php?rest_route=%2Fwp%2Fv2%2Fcomments&post=958"}],"version-history":[{"count":2,"href":"https:\/\/orcid-dk.dk\/index.php?rest_route=\/wp\/v2\/pages\/958\/revisions"}],"predecessor-version":[{"id":960,"href":"https:\/\/orcid-dk.dk\/index.php?rest_route=\/wp\/v2\/pages\/958\/revisions\/960"}],"wp:attachment":[{"href":"https:\/\/orcid-dk.dk\/index.php?rest_route=%2Fwp%2Fv2%2Fmedia&parent=958"}],"curies":[{"name":"wp","href":"https:\/\/api.w.org\/{rel}","templated":true}]}}