{"id":286,"date":"2014-08-20T12:42:09","date_gmt":"2014-08-20T11:42:09","guid":{"rendered":"https:\/\/orcid-dk.dk\/?page_id=286"},"modified":"2023-02-14T15:46:55","modified_gmt":"2023-02-14T14:46:55","slug":"roskilde-universitet","status":"publish","type":"page","link":"https:\/\/orcid-dk.dk\/?page_id=286&lang=da","title":{"rendered":"Roskilde Universitet"},"content":{"rendered":"<h3><strong>Kontakt<\/strong><\/h3>\n<p>&nbsp;<\/p>\n<p><strong>Prim\u00e6r kontaktperson:<\/strong><\/p>\n<p>Sidse Schelde<\/p>\n<p><a href=\"mailto:sidses@ruc.dk\">sidses@ruc.dk<\/a><\/p>\n<p>+45 46742495<\/p>\n<p>&nbsp;<\/p>\n<p><strong>Teknisk kontaktperson: <\/strong><\/p>\n<p>S\u00f8ren M\u00f8ller<\/p>\n<p><a href=\"mailto:moller@ruc.dk\">moller@ruc.dk<\/a><\/p>\n<p>+45 46742493<\/p>\n<p>&nbsp;<\/p>\n<p>Det er nemt at oprette et ORCID ID i Pure, der er Roskilde Universitets forskningsregistreringssystem.<\/p>\n<p>Se en video, om hvordan du opretter dit ORCID ID og knytter det til din Pure-profil:<\/p>\n<p><iframe loading=\"lazy\" src=\"\/\/www.youtube.com\/embed\/xvggKlskuF0\" width=\"560\" height=\"315\" frameborder=\"0\" allowfullscreen=\"allowfullscreen\"><\/iframe><\/p>\n<p>Kontakt venligst <span style=\"color: #404040;\"><a href=\"mailto:orcid@ruc.dk\">orcid@ruc.dk<\/a><\/span>, hvis du har sp\u00f8rgsm\u00e5l ang\u00e5ende implementeringsprocessen af ORCID p\u00e5 Roskilde Universitet, eller til hvordan man opretter et ORCID forsker-ID.<\/p>\n<p><a href=\"https:\/\/orcid-dk.dk\/wp-content\/uploads\/2014\/08\/RUC_Logo-e1343690476323.jpg\"><img loading=\"lazy\" decoding=\"async\" class=\"alignnone size-full wp-image-293\" src=\"https:\/\/orcid-dk.dk\/wp-content\/uploads\/2014\/08\/RUC_Logo-e1343690476323.jpg\" alt=\"RUC_Logo-e1343690476323\" width=\"240\" height=\"240\" srcset=\"https:\/\/orcid-dk.dk\/wp-content\/uploads\/2014\/08\/RUC_Logo-e1343690476323.jpg 240w, https:\/\/orcid-dk.dk\/wp-content\/uploads\/2014\/08\/RUC_Logo-e1343690476323-150x150.jpg 150w\" sizes=\"auto, (max-width: 240px) 85vw, 240px\" \/><\/a><\/p>\n","protected":false},"excerpt":{"rendered":"<p>Kontakt &nbsp; Prim\u00e6r kontaktperson: Sidse Schelde sidses@ruc.dk +45 46742495 &nbsp; Teknisk kontaktperson: S\u00f8ren M\u00f8ller moller@ruc.dk +45 46742493 &nbsp; Det er nemt at oprette et ORCID ID i Pure, der er Roskilde Universitets forskningsregistreringssystem. Se en video, om hvordan du opretter dit ORCID ID og knytter det til din Pure-profil: Kontakt venligst orcid@ruc.dk, hvis du har &hellip; <a href=\"https:\/\/orcid-dk.dk\/?page_id=286&#038;lang=da\" class=\"more-link\">Continue reading<span class=\"screen-reader-text\"> &#8220;Roskilde Universitet&#8221;<\/span><\/a><\/p>\n","protected":false},"author":3,"featured_media":0,"parent":163,"menu_order":0,"comment_status":"closed","ping_status":"closed","template":"","meta":{"footnotes":""},"class_list":["post-286","page","type-page","status-publish","hentry"],"_links":{"self":[{"href":"https:\/\/orcid-dk.dk\/index.php?rest_route=\/wp\/v2\/pages\/286","targetHints":{"allow":["GET"]}}],"collection":[{"href":"https:\/\/orcid-dk.dk\/index.php?rest_route=\/wp\/v2\/pages"}],"about":[{"href":"https:\/\/orcid-dk.dk\/index.php?rest_route=\/wp\/v2\/types\/page"}],"author":[{"embeddable":true,"href":"https:\/\/orcid-dk.dk\/index.php?rest_route=\/wp\/v2\/users\/3"}],"replies":[{"embeddable":true,"href":"https:\/\/orcid-dk.dk\/index.php?rest_route=%2Fwp%2Fv2%2Fcomments&post=286"}],"version-history":[{"count":10,"href":"https:\/\/orcid-dk.dk\/index.php?rest_route=\/wp\/v2\/pages\/286\/revisions"}],"predecessor-version":[{"id":802,"href":"https:\/\/orcid-dk.dk\/index.php?rest_route=\/wp\/v2\/pages\/286\/revisions\/802"}],"up":[{"embeddable":true,"href":"https:\/\/orcid-dk.dk\/index.php?rest_route=\/wp\/v2\/pages\/163"}],"wp:attachment":[{"href":"https:\/\/orcid-dk.dk\/index.php?rest_route=%2Fwp%2Fv2%2Fmedia&parent=286"}],"curies":[{"name":"wp","href":"https:\/\/api.w.org\/{rel}","templated":true}]}}