{"id":272,"date":"2014-08-20T11:29:22","date_gmt":"2014-08-20T10:29:22","guid":{"rendered":"https:\/\/orcid-dk.dk\/?page_id=272"},"modified":"2023-02-14T15:46:06","modified_gmt":"2023-02-14T14:46:06","slug":"university-colleges","status":"publish","type":"page","link":"https:\/\/orcid-dk.dk\/?page_id=272&lang=da","title":{"rendered":"Danske Professionsh\u00f8jskoler"},"content":{"rendered":"<h3><strong>Kontakt<\/strong><\/h3>\n<p><strong>\u00a0<\/strong><\/p>\n<p><strong>Kontaktperson:<\/strong><\/p>\n<p>Andreas Gajda Kristensen<\/p>\n<p><a href=\"mailto:agk@uc-dk.dk\">agk@uc-dk.dk<\/a><\/p>\n<p>+45 87551107<\/p>\n<p>&nbsp;<\/p>\n<p>Det er nemt at oprette et ORCID ID i Pure, der er Danske Professionsh\u00f8jskolers forskningsregistreringssystem.<\/p>\n<p>Se en video, om hvordan du opretter dit ORCID ID og knytter det til din Pure-profil:<\/p>\n<p><iframe loading=\"lazy\" src=\"\/\/www.youtube.com\/embed\/xvggKlskuF0\" width=\"560\" height=\"315\" frameborder=\"0\" allowfullscreen=\"allowfullscreen\"><\/iframe><\/p>\n<p>Kontakt venligst <span style=\"color: #004000;\">Andreas Gajda Kristensen <a href=\"mailto:agk@uc-dk.dk\">agk@uc-dk.dk<\/a><\/span>, hvis du har sp\u00f8rgsm\u00e5l ang\u00e5ende implementeringsprocessen af ORCID p\u00e5 Danske Professionsh\u00f8jskoler, eller til hvordan man opretter et ORCID forsker-ID.<br \/>\n<a href=\"https:\/\/orcid-dk.dk\/wp-content\/uploads\/2014\/06\/logo1UC.png\"><img loading=\"lazy\" decoding=\"async\" class=\"alignnone size-medium wp-image-332\" src=\"https:\/\/orcid-dk.dk\/wp-content\/uploads\/2014\/06\/logo1UC-298x300.png\" alt=\"logo1UC\" width=\"298\" height=\"300\" srcset=\"https:\/\/orcid-dk.dk\/wp-content\/uploads\/2014\/06\/logo1UC-298x300.png 298w, https:\/\/orcid-dk.dk\/wp-content\/uploads\/2014\/06\/logo1UC-150x150.png 150w, https:\/\/orcid-dk.dk\/wp-content\/uploads\/2014\/06\/logo1UC.png 520w\" sizes=\"auto, (max-width: 298px) 85vw, 298px\" \/><\/a><\/p>\n","protected":false},"excerpt":{"rendered":"<p>Kontakt \u00a0 Kontaktperson: Andreas Gajda Kristensen agk@uc-dk.dk +45 87551107 &nbsp; Det er nemt at oprette et ORCID ID i Pure, der er Danske Professionsh\u00f8jskolers forskningsregistreringssystem. Se en video, om hvordan du opretter dit ORCID ID og knytter det til din Pure-profil: Kontakt venligst Andreas Gajda Kristensen agk@uc-dk.dk, hvis du har sp\u00f8rgsm\u00e5l ang\u00e5ende implementeringsprocessen af ORCID &hellip; <a href=\"https:\/\/orcid-dk.dk\/?page_id=272&#038;lang=da\" class=\"more-link\">Continue reading<span class=\"screen-reader-text\"> &#8220;Danske Professionsh\u00f8jskoler&#8221;<\/span><\/a><\/p>\n","protected":false},"author":3,"featured_media":0,"parent":163,"menu_order":0,"comment_status":"closed","ping_status":"closed","template":"","meta":{"footnotes":""},"class_list":["post-272","page","type-page","status-publish","hentry"],"_links":{"self":[{"href":"https:\/\/orcid-dk.dk\/index.php?rest_route=\/wp\/v2\/pages\/272","targetHints":{"allow":["GET"]}}],"collection":[{"href":"https:\/\/orcid-dk.dk\/index.php?rest_route=\/wp\/v2\/pages"}],"about":[{"href":"https:\/\/orcid-dk.dk\/index.php?rest_route=\/wp\/v2\/types\/page"}],"author":[{"embeddable":true,"href":"https:\/\/orcid-dk.dk\/index.php?rest_route=\/wp\/v2\/users\/3"}],"replies":[{"embeddable":true,"href":"https:\/\/orcid-dk.dk\/index.php?rest_route=%2Fwp%2Fv2%2Fcomments&post=272"}],"version-history":[{"count":10,"href":"https:\/\/orcid-dk.dk\/index.php?rest_route=\/wp\/v2\/pages\/272\/revisions"}],"predecessor-version":[{"id":826,"href":"https:\/\/orcid-dk.dk\/index.php?rest_route=\/wp\/v2\/pages\/272\/revisions\/826"}],"up":[{"embeddable":true,"href":"https:\/\/orcid-dk.dk\/index.php?rest_route=\/wp\/v2\/pages\/163"}],"wp:attachment":[{"href":"https:\/\/orcid-dk.dk\/index.php?rest_route=%2Fwp%2Fv2%2Fmedia&parent=272"}],"curies":[{"name":"wp","href":"https:\/\/api.w.org\/{rel}","templated":true}]}}