{"id":267,"date":"2014-08-20T10:20:05","date_gmt":"2014-08-20T08:20:05","guid":{"rendered":"https:\/\/orcid-dk.dk\/?page_id=267"},"modified":"2019-01-24T11:05:51","modified_gmt":"2019-01-24T10:05:51","slug":"aarhus-universitet","status":"publish","type":"page","link":"https:\/\/orcid-dk.dk\/?page_id=267","title":{"rendered":"Aarhus Universitet"},"content":{"rendered":"<h3><strong>Kontakt<\/strong><\/h3>\n<p>&nbsp;<\/p>\n<p><strong>Kontaktperson:<\/strong><\/p>\n<p>Nicolaj Veje Pedersen<\/p>\n<p><a href=\"mailto:nvpe@kb.dk\">nvpe@kb.dk<\/a><\/p>\n<p>+45 91356452<\/p>\n<p>&nbsp;<\/p>\n<p>Det er nemt at oprette et ORCID ID i Pure, der er Aarhus Universitets forskningsregistreringssystem.<\/p>\n<p>Se en video, om hvordan du opretter dit ORCID ID og knytter det til din Pure-profil:<\/p>\n<p><iframe loading=\"lazy\" src=\"\/\/www.youtube.com\/embed\/xvggKlskuF0\" width=\"560\" height=\"315\" frameborder=\"0\" allowfullscreen=\"allowfullscreen\"><\/iframe><\/p>\n<p>Kontakt venligst\u00a0Nicolaj Veje Pedersen\u00a0<a href=\"mailto:nvpe@kb.dk\">nvpe@kb.dk<\/a>, hvis du har sp\u00f8rgsm\u00e5l ang\u00e5ende implementeringsprocessen af ORCID p\u00e5 Aarhus Universitet, eller til hvordan man opretter et ORCID forsker-ID.<\/p>\n<p>L\u00e6s mere om ORCID p\u00e5 AU p\u00e5 <a href=\"https:\/\/medarbejdere.au.dk\/pure\/brugervejledning\/orcid\/\">https:\/\/medarbejdere.au.dk\/pure\/brugervejledning\/orcid\/<\/a><\/p>\n<p><a href=\"https:\/\/orcid-dk.dk\/wp-content\/uploads\/2014\/08\/AU-mail_signatur_logo.png\"><img loading=\"lazy\" decoding=\"async\" class=\"alignnone size-medium wp-image-277\" src=\"https:\/\/orcid-dk.dk\/wp-content\/uploads\/2014\/08\/AU-mail_signatur_logo-300x45.png\" alt=\"AU-mail_signatur_logo\" width=\"300\" height=\"45\" srcset=\"https:\/\/orcid-dk.dk\/wp-content\/uploads\/2014\/08\/AU-mail_signatur_logo-300x45.png 300w, https:\/\/orcid-dk.dk\/wp-content\/uploads\/2014\/08\/AU-mail_signatur_logo.png 474w\" sizes=\"auto, (max-width: 300px) 85vw, 300px\" \/><\/a><\/p>\n<p>&nbsp;<\/p>\n","protected":false},"excerpt":{"rendered":"<p>Kontakt &nbsp; Kontaktperson: Nicolaj Veje Pedersen nvpe@kb.dk +45 91356452 &nbsp; Det er nemt at oprette et ORCID ID i Pure, der er Aarhus Universitets forskningsregistreringssystem. Se en video, om hvordan du opretter dit ORCID ID og knytter det til din Pure-profil: Kontakt venligst\u00a0Nicolaj Veje Pedersen\u00a0nvpe@kb.dk, hvis du har sp\u00f8rgsm\u00e5l ang\u00e5ende implementeringsprocessen af ORCID p\u00e5 Aarhus &hellip; <a href=\"https:\/\/orcid-dk.dk\/?page_id=267\" class=\"more-link\">Continue reading<span class=\"screen-reader-text\"> &#8220;Aarhus Universitet&#8221;<\/span><\/a><\/p>\n","protected":false},"author":3,"featured_media":0,"parent":163,"menu_order":0,"comment_status":"closed","ping_status":"open","template":"","meta":{"footnotes":""},"class_list":["post-267","page","type-page","status-publish","hentry"],"_links":{"self":[{"href":"https:\/\/orcid-dk.dk\/index.php?rest_route=\/wp\/v2\/pages\/267","targetHints":{"allow":["GET"]}}],"collection":[{"href":"https:\/\/orcid-dk.dk\/index.php?rest_route=\/wp\/v2\/pages"}],"about":[{"href":"https:\/\/orcid-dk.dk\/index.php?rest_route=\/wp\/v2\/types\/page"}],"author":[{"embeddable":true,"href":"https:\/\/orcid-dk.dk\/index.php?rest_route=\/wp\/v2\/users\/3"}],"replies":[{"embeddable":true,"href":"https:\/\/orcid-dk.dk\/index.php?rest_route=%2Fwp%2Fv2%2Fcomments&post=267"}],"version-history":[{"count":11,"href":"https:\/\/orcid-dk.dk\/index.php?rest_route=\/wp\/v2\/pages\/267\/revisions"}],"predecessor-version":[{"id":805,"href":"https:\/\/orcid-dk.dk\/index.php?rest_route=\/wp\/v2\/pages\/267\/revisions\/805"}],"up":[{"embeddable":true,"href":"https:\/\/orcid-dk.dk\/index.php?rest_route=\/wp\/v2\/pages\/163"}],"wp:attachment":[{"href":"https:\/\/orcid-dk.dk\/index.php?rest_route=%2Fwp%2Fv2%2Fmedia&parent=267"}],"curies":[{"name":"wp","href":"https:\/\/api.w.org\/{rel}","templated":true}]}}