{"id":211,"date":"2014-08-11T13:47:16","date_gmt":"2014-08-11T12:47:16","guid":{"rendered":"https:\/\/orcid-dk.dk\/?page_id=211"},"modified":"2023-02-14T15:47:38","modified_gmt":"2023-02-14T14:47:38","slug":"211-2","status":"publish","type":"page","link":"https:\/\/orcid-dk.dk\/?page_id=211&lang=da","title":{"rendered":"Hvad er ORCID?"},"content":{"rendered":"<p>Som forsker bliver du sikkert l\u00f8bende\u00a0udfordret, n\u00e5r du skal skelne dine forskningsaktiviteter fra andre, der har et navn der ligner dit. Du har sikkert brug for let og utvetydigt at kunne knytte din identitet sammen med forskningsobjekter som f.eks. dataset, udstyr, artikler, medieindslag, citater, eksperimenter, patenter og noter. I takt med at du samarbejde p\u00e5 tv\u00e6rs af faglige discipliner, institutioner og landegr\u00e6nser, kommer du i kontakt flere forskelligartede forskningsregistreringssystemer. Den evindelige indtastning af de samme data igen og igen, kan v\u00e6re tidskr\u00e6vende og til tider frustrerende.<\/p>\n<p><iframe loading=\"lazy\" src=\"\/\/player.vimeo.com\/video\/97150912\" width=\"500\" height=\"281\" frameborder=\"0\" allowfullscreen=\"allowfullscreen\"><\/iframe><\/p>\n<p>ORCID er en \u00e5ben, almennyttig, og lokalforankret indsats, der dels tjener det form\u00e5l at etablere og vedligeholde et register over unikke forskeridentifikatorer, dels at sikre en transparent metode hvorved forskningsaktiviteter og resultater knyttes sammen med disse identifikatorer. ORCID er enest\u00e5ende i sin evne til at g\u00e5 p\u00e5 tv\u00e6rs af faglige discipliner, forskningssektorer og nationale gr\u00e6nser. ORCID\u00a0er knudepunktet der knytter forskere\u00a0sammen med deres forskning gennem indlejring af ORCID identifikatorer i de\u00a0centrale arbejdsgange f.eks. i forbindelse med vedligeholdelse af forskerprofiler, indsendelse af manuskript, samt legat- og patentans\u00f8gninger.<\/p>\n<p>ORCID tilbyder to kernefunktioner: (1)\u00a0et register hvori man kan f\u00e5 et unikt forsker ID og varetage en liste over sine aktiviteter, samt (2) API&#8217;er der underst\u00f8tter kommunikation og autentifikation systemerne i mellem. ORCID&#8217;s\u00a0kode tilg\u00e6ngelig gennem en Open Source Licens, og g\u00f8r en \u00e5rlig datafil tilg\u00e6ngelig til gratis download via en\u00a0CCo dispensation.<\/p>\n<p>ORCID&#8217;s register er gratis tilg\u00e6ngeligt for enkeltpersoner, der \u00f8nsker et ORCID forsker ID, at styre deres fortegnelse over forskningsaktiviteter, samt at s\u00f8ge efter andre forskere is registret. Organisationer kan blive medlemmer, hvis de \u00f8nsker at linke deres poster til ORCID forsker ID&#8217;er, at opdatere ORCID poster, at modtage opdateringer fra ORCID, eller for at registrere deres ansatte og studerende s\u00e5 de f\u00e5r et ORCID forsker ID.<\/p>\n<p>Posterne i ORCID&#8217;s register indeholder ikke personf\u00f8lsomme oplysninger, men blot\u00a0information vedr\u00f8rende navn,\u00a0email, organisation og forskningsaktiviteter. ORCID har naturligvis fuld forst\u00e5else for den enkeltes behov for at kunne styre\u00a0deling af egne data, og tilbyder derfor redskaber der kan v\u00e6re behj\u00e6lpelige til at styre datasikkerheden.<\/p>\n<p><a title=\"F\u00e5 mere at vide om ORCID\" href=\"https:\/\/orcid.org\" target=\"_blank\" rel=\"noopener\">F\u00e5 mere at vide om ORCID<\/a><\/p>\n<p><a href=\"https:\/\/orcid.org\/footer\/privacy-policy\">ORCID Privacy Policy<\/a><\/p>\n<p>&nbsp;<\/p>\n","protected":false},"excerpt":{"rendered":"<p>Som forsker bliver du sikkert l\u00f8bende\u00a0udfordret, n\u00e5r du skal skelne dine forskningsaktiviteter fra andre, der har et navn der ligner dit. Du har sikkert brug for let og utvetydigt at kunne knytte din identitet sammen med forskningsobjekter som f.eks. dataset, udstyr, artikler, medieindslag, citater, eksperimenter, patenter og noter. I takt med at du samarbejde p\u00e5 &hellip; <a href=\"https:\/\/orcid-dk.dk\/?page_id=211&#038;lang=da\" class=\"more-link\">Continue reading<span class=\"screen-reader-text\"> &#8220;Hvad er ORCID?&#8221;<\/span><\/a><\/p>\n","protected":false},"author":5,"featured_media":0,"parent":0,"menu_order":1,"comment_status":"closed","ping_status":"closed","template":"","meta":{"footnotes":""},"class_list":["post-211","page","type-page","status-publish","hentry"],"_links":{"self":[{"href":"https:\/\/orcid-dk.dk\/index.php?rest_route=\/wp\/v2\/pages\/211","targetHints":{"allow":["GET"]}}],"collection":[{"href":"https:\/\/orcid-dk.dk\/index.php?rest_route=\/wp\/v2\/pages"}],"about":[{"href":"https:\/\/orcid-dk.dk\/index.php?rest_route=\/wp\/v2\/types\/page"}],"author":[{"embeddable":true,"href":"https:\/\/orcid-dk.dk\/index.php?rest_route=\/wp\/v2\/users\/5"}],"replies":[{"embeddable":true,"href":"https:\/\/orcid-dk.dk\/index.php?rest_route=%2Fwp%2Fv2%2Fcomments&post=211"}],"version-history":[{"count":12,"href":"https:\/\/orcid-dk.dk\/index.php?rest_route=\/wp\/v2\/pages\/211\/revisions"}],"predecessor-version":[{"id":966,"href":"https:\/\/orcid-dk.dk\/index.php?rest_route=\/wp\/v2\/pages\/211\/revisions\/966"}],"wp:attachment":[{"href":"https:\/\/orcid-dk.dk\/index.php?rest_route=%2Fwp%2Fv2%2Fmedia&parent=211"}],"curies":[{"name":"wp","href":"https:\/\/api.w.org\/{rel}","templated":true}]}}