{"id":181,"date":"2014-07-11T10:24:11","date_gmt":"2014-07-11T09:24:11","guid":{"rendered":"https:\/\/orcid-dk.dk\/?page_id=181"},"modified":"2023-02-14T15:47:52","modified_gmt":"2023-02-14T14:47:52","slug":"181-2","status":"publish","type":"page","link":"https:\/\/orcid-dk.dk\/?page_id=181&lang=da","title":{"rendered":"&#8211; ans\u00f8gninger om forskningsmidler"},"content":{"rendered":"<p>Det er en tilbagevendende udfordring for bevillingsinstitutioner at holde rede p\u00e5 resultaterne og udbyttet af den forskning de\u00a0financierer. Det at forst\u00e5 betydningen af forskningsbevillingerne er helt afg\u00f8rende for at kunne l\u00e6gge en bevillingsstrategi, et bevillingsprogram, samt mulighed for tilretning af disse. ORCID giver dig et fundament ud fra hvilket du kan tage udfordringen op, ved at tilbyde et register over unikke og vedvarende forsker identifikatorer samt metoder til at sammenk\u00e6de digitale forskningsobjekter. Bevillingsinstitutioner kan integrere ORCID identifikatorer i deres arbejdsgange &#8211; f.eks. i forbindelse med legat- og bevillingsans\u00f8gningsprocesser og efterf\u00f8lgende statusrapporter.\u00a0Kombineret med tilsvarende indsatser fra forskningsinstitutioner og forlag, vil en indlejring af ORCID\u00a0identifikatorer i arbejdsgangene g\u00f8re det muligt at sammenk\u00e6de\u00a0samtlige bidrag fra en forsker gennem hele dennes\u00a0karriere.\u00a0\u00d8get pr\u00e6cision og gennemsigtighed i forskningsbevillinger, og de derp\u00e5 f\u00f8lgende resultater, kan forbedre informationen vedr\u00f8rende global forskning og udviklingen af ressourcestr\u00f8mme, hvilket er helt afg\u00f8rende for\u00a0bevillingsinstitutionernes GAB-analyse\u00a0og strategi.<\/p>\n","protected":false},"excerpt":{"rendered":"<p>Det er en tilbagevendende udfordring for bevillingsinstitutioner at holde rede p\u00e5 resultaterne og udbyttet af den forskning de\u00a0financierer. Det at forst\u00e5 betydningen af forskningsbevillingerne er helt afg\u00f8rende for at kunne l\u00e6gge en bevillingsstrategi, et bevillingsprogram, samt mulighed for tilretning af disse. ORCID giver dig et fundament ud fra hvilket du kan tage udfordringen op, ved &hellip; <a href=\"https:\/\/orcid-dk.dk\/?page_id=181&#038;lang=da\" class=\"more-link\">Continue reading<span class=\"screen-reader-text\"> &#8220;&#8211; ans\u00f8gninger om forskningsmidler&#8221;<\/span><\/a><\/p>\n","protected":false},"author":5,"featured_media":0,"parent":0,"menu_order":0,"comment_status":"closed","ping_status":"closed","template":"","meta":{"footnotes":""},"class_list":["post-181","page","type-page","status-publish","hentry"],"_links":{"self":[{"href":"https:\/\/orcid-dk.dk\/index.php?rest_route=\/wp\/v2\/pages\/181","targetHints":{"allow":["GET"]}}],"collection":[{"href":"https:\/\/orcid-dk.dk\/index.php?rest_route=\/wp\/v2\/pages"}],"about":[{"href":"https:\/\/orcid-dk.dk\/index.php?rest_route=\/wp\/v2\/types\/page"}],"author":[{"embeddable":true,"href":"https:\/\/orcid-dk.dk\/index.php?rest_route=\/wp\/v2\/users\/5"}],"replies":[{"embeddable":true,"href":"https:\/\/orcid-dk.dk\/index.php?rest_route=%2Fwp%2Fv2%2Fcomments&post=181"}],"version-history":[{"count":5,"href":"https:\/\/orcid-dk.dk\/index.php?rest_route=\/wp\/v2\/pages\/181\/revisions"}],"predecessor-version":[{"id":232,"href":"https:\/\/orcid-dk.dk\/index.php?rest_route=\/wp\/v2\/pages\/181\/revisions\/232"}],"wp:attachment":[{"href":"https:\/\/orcid-dk.dk\/index.php?rest_route=%2Fwp%2Fv2%2Fmedia&parent=181"}],"curies":[{"name":"wp","href":"https:\/\/api.w.org\/{rel}","templated":true}]}}