{"id":178,"date":"2014-07-11T10:22:29","date_gmt":"2014-07-11T09:22:29","guid":{"rendered":"https:\/\/orcid-dk.dk\/?page_id=178"},"modified":"2023-02-14T15:49:12","modified_gmt":"2023-02-14T14:49:12","slug":"178-2","status":"publish","type":"page","link":"https:\/\/orcid-dk.dk\/?page_id=178&lang=da","title":{"rendered":"Aalborg Universitet"},"content":{"rendered":"<h3><strong>Kontakt<\/strong><\/h3>\n<p><strong>\u00a0<\/strong><\/p>\n<p><strong>Prim\u00e6r kontaktperson:<\/strong><\/p>\n<p>Poul Melchiorsen<\/p>\n<p><a href=\"mailto:pmm@aub.aau.dk\">pmm@aub.aau.dk<\/a><\/p>\n<p>+45 30531247<\/p>\n<p><a href=\"https:\/\/orcid.org\/0000-0002-3751-9821\"><img loading=\"lazy\" decoding=\"async\" class=\"alignnone wp-image-813 size-full\" src=\"https:\/\/orcid-dk.dk\/wp-content\/uploads\/2014\/07\/orcid_16x161.gif\" alt=\"\" width=\"16\" height=\"16\" \/><\/a><\/p>\n<p>&nbsp;<\/p>\n<p><strong>Teknisk kontaktperson: <\/strong><\/p>\n<p>S\u00f8ren Vidmar<\/p>\n<p><a href=\"mailto:sv@aub.aau.dk\">sv@aub.aau.dk<\/a><\/p>\n<p>+45 99409359<\/p>\n<p><a href=\"https:\/\/orcid.org\/0000-0003-3055-6053\"><img loading=\"lazy\" decoding=\"async\" class=\"alignnone wp-image-813 size-full\" src=\"https:\/\/orcid-dk.dk\/wp-content\/uploads\/2014\/07\/orcid_16x161.gif\" alt=\"\" width=\"16\" height=\"16\" \/><\/a><\/p>\n<p>&nbsp;<\/p>\n<p>Det er nemt at oprette et ORCID ID\u00a0i Pure\/VBN, der er Aalborg Universitets forskningsregistreringssystem.<\/p>\n<p>Se en video, om hvordan du opretter dit ORCID ID\u00a0og knytter det til din Pure-profil:<\/p>\n<p><iframe loading=\"lazy\" src=\"\/\/www.youtube.com\/embed\/xvggKlskuF0\" width=\"560\" height=\"315\" frameborder=\"0\" allowfullscreen=\"allowfullscreen\"><\/iframe><\/p>\n<p>Kontakt os venligst p\u00e5 <a href=\"mailto:orcid@aub.aau.dk\" target=\"_top\" rel=\"noopener\">orcid@aub.aau.dk<\/a>, hvis du har sp\u00f8rgsm\u00e5l ang\u00e5ende implementeringsprocessen af ORCID p\u00e5 Aalborg Universitet, eller til hvordan man opretter et ORCID forsker-ID.<\/p>\n<p><a href=\"https:\/\/orcid-dk.dk\/wp-content\/uploads\/2014\/07\/AAU_CIRCLE_blue_rgb.png\"><img loading=\"lazy\" decoding=\"async\" class=\"alignnone size-full wp-image-295\" src=\"https:\/\/orcid-dk.dk\/wp-content\/uploads\/2014\/07\/AAU_CIRCLE_blue_rgb.png\" alt=\"AAU_CIRCLE_blue_rgb\" width=\"159\" height=\"157\" \/><\/a><\/p>\n","protected":false},"excerpt":{"rendered":"<p>Kontakt \u00a0 Prim\u00e6r kontaktperson: Poul Melchiorsen pmm@aub.aau.dk +45 30531247 &nbsp; Teknisk kontaktperson: S\u00f8ren Vidmar sv@aub.aau.dk +45 99409359 &nbsp; Det er nemt at oprette et ORCID ID\u00a0i Pure\/VBN, der er Aalborg Universitets forskningsregistreringssystem. Se en video, om hvordan du opretter dit ORCID ID\u00a0og knytter det til din Pure-profil: Kontakt os venligst p\u00e5 orcid@aub.aau.dk, hvis du har &hellip; <a href=\"https:\/\/orcid-dk.dk\/?page_id=178&#038;lang=da\" class=\"more-link\">Continue reading<span class=\"screen-reader-text\"> &#8220;Aalborg Universitet&#8221;<\/span><\/a><\/p>\n","protected":false},"author":5,"featured_media":0,"parent":0,"menu_order":0,"comment_status":"closed","ping_status":"closed","template":"","meta":{"footnotes":""},"class_list":["post-178","page","type-page","status-publish","hentry"],"_links":{"self":[{"href":"https:\/\/orcid-dk.dk\/index.php?rest_route=\/wp\/v2\/pages\/178","targetHints":{"allow":["GET"]}}],"collection":[{"href":"https:\/\/orcid-dk.dk\/index.php?rest_route=\/wp\/v2\/pages"}],"about":[{"href":"https:\/\/orcid-dk.dk\/index.php?rest_route=\/wp\/v2\/types\/page"}],"author":[{"embeddable":true,"href":"https:\/\/orcid-dk.dk\/index.php?rest_route=\/wp\/v2\/users\/5"}],"replies":[{"embeddable":true,"href":"https:\/\/orcid-dk.dk\/index.php?rest_route=%2Fwp%2Fv2%2Fcomments&post=178"}],"version-history":[{"count":20,"href":"https:\/\/orcid-dk.dk\/index.php?rest_route=\/wp\/v2\/pages\/178\/revisions"}],"predecessor-version":[{"id":967,"href":"https:\/\/orcid-dk.dk\/index.php?rest_route=\/wp\/v2\/pages\/178\/revisions\/967"}],"wp:attachment":[{"href":"https:\/\/orcid-dk.dk\/index.php?rest_route=%2Fwp%2Fv2%2Fmedia&parent=178"}],"curies":[{"name":"wp","href":"https:\/\/api.w.org\/{rel}","templated":true}]}}