{"id":165,"date":"2014-07-07T13:02:57","date_gmt":"2014-07-07T12:02:57","guid":{"rendered":"https:\/\/orcid-dk.dk\/?page_id=165"},"modified":"2023-02-15T10:16:58","modified_gmt":"2023-02-15T09:16:58","slug":"165-2","status":"publish","type":"page","link":"https:\/\/orcid-dk.dk\/?page_id=165&lang=da","title":{"rendered":"For forskningsinstitutioner"},"content":{"rendered":"<p>Muligheden for let og pr\u00e6cist at identificere forskere &#8211; og k\u00e6de den enkelte forsker sammen med den rette forskning &#8211; synes at v\u00e6re et tilbagevendende problem blandt forskningsinstitutioner. Hvem er eksperterne? Hvordan laver vi en n\u00f8jagtig opg\u00f8relse over styrker og svagheder i vores forskning? Hvordan kan man systematisk identificere fakultetets videnskabelige produktion? Hvordan sikre vi at vores institutionelle arkiv er opdateret? Hvordan kan vi f\u00e5 en effektiv rettesnor for fonde og akkrediteringsinstitutioners mangfoldige krav om registrering? Selv hvis man implementerer lokale fakultetsprofiler or forskningsregistreringssystemer, kr\u00e6ver disse hyppig og vedvarende (og ofte manuel) opdatering, og det er ikke altid at informationerne f\u00f8lger forskerne, hvis de flytter mellem institutter og fakulteter.\u00a0ORCID l\u00f8ser begge problemer. ORCID forsyner den enkelte forsker med et\u00a0unikt og vedvarende forsker ID. ORCID tilbyder ligeledes mobile fortegnelser, s\u00e5 man kan styre sine forskningsaktiviteter. Desuden samarbejder ORCID med en r\u00e6kke interessenter om at integrere ORCID identifikatorer i\u00a0lokale workflows,\u00a0f.eks. i forbindelse med manuskripter og legatans\u00f8gninger, samt om at underst\u00f8tte opdateringsprocesserne systemerne imellem.<\/p>\n","protected":false},"excerpt":{"rendered":"<p>Muligheden for let og pr\u00e6cist at identificere forskere &#8211; og k\u00e6de den enkelte forsker sammen med den rette forskning &#8211; synes at v\u00e6re et tilbagevendende problem blandt forskningsinstitutioner. Hvem er eksperterne? Hvordan laver vi en n\u00f8jagtig opg\u00f8relse over styrker og svagheder i vores forskning? Hvordan kan man systematisk identificere fakultetets videnskabelige produktion? Hvordan sikre vi &hellip; <a href=\"https:\/\/orcid-dk.dk\/?page_id=165&#038;lang=da\" class=\"more-link\">Continue reading<span class=\"screen-reader-text\"> &#8220;For forskningsinstitutioner&#8221;<\/span><\/a><\/p>\n","protected":false},"author":5,"featured_media":0,"parent":0,"menu_order":0,"comment_status":"closed","ping_status":"closed","template":"","meta":{"footnotes":""},"class_list":["post-165","page","type-page","status-publish","hentry"],"_links":{"self":[{"href":"https:\/\/orcid-dk.dk\/index.php?rest_route=\/wp\/v2\/pages\/165","targetHints":{"allow":["GET"]}}],"collection":[{"href":"https:\/\/orcid-dk.dk\/index.php?rest_route=\/wp\/v2\/pages"}],"about":[{"href":"https:\/\/orcid-dk.dk\/index.php?rest_route=\/wp\/v2\/types\/page"}],"author":[{"embeddable":true,"href":"https:\/\/orcid-dk.dk\/index.php?rest_route=\/wp\/v2\/users\/5"}],"replies":[{"embeddable":true,"href":"https:\/\/orcid-dk.dk\/index.php?rest_route=%2Fwp%2Fv2%2Fcomments&post=165"}],"version-history":[{"count":4,"href":"https:\/\/orcid-dk.dk\/index.php?rest_route=\/wp\/v2\/pages\/165\/revisions"}],"predecessor-version":[{"id":978,"href":"https:\/\/orcid-dk.dk\/index.php?rest_route=\/wp\/v2\/pages\/165\/revisions\/978"}],"wp:attachment":[{"href":"https:\/\/orcid-dk.dk\/index.php?rest_route=%2Fwp%2Fv2%2Fmedia&parent=165"}],"curies":[{"name":"wp","href":"https:\/\/api.w.org\/{rel}","templated":true}]}}