{"id":163,"date":"2014-07-07T13:00:53","date_gmt":"2014-07-07T12:00:53","guid":{"rendered":"https:\/\/orcid-dk.dk\/?page_id=163"},"modified":"2023-02-14T15:46:00","modified_gmt":"2023-02-14T14:46:00","slug":"support-i-danmark","status":"publish","type":"page","link":"https:\/\/orcid-dk.dk\/?page_id=163&lang=da","title":{"rendered":"Medlemmer af ORCID-DK"},"content":{"rendered":"<p>Syv danske universiteter samarbejder med arkitekt- og designskoler, Region Hovedstaden og Danske Professionsh\u00f8jskoler om at f\u00e5\u00a0flest mulige danske forskere til at f\u00e5 et ORCID forsker ID. Vi arbejder sammen i Det Danske ORCID Konsortium &#8211; ORCID-DK.<\/p>\n<p>Er du forsker, og er du\u00a0tilknyttet en af disses institutioner, beder vi dig kontakte din institution ang\u00e5ende sp\u00f8rgsm\u00e5l om ORCID.<\/p>\n<p>Kontaktinformation er tilg\u00e6ngelige p\u00e5 undersiderne.<\/p>\n","protected":false},"excerpt":{"rendered":"<p>Syv danske universiteter samarbejder med arkitekt- og designskoler, Region Hovedstaden og Danske Professionsh\u00f8jskoler om at f\u00e5\u00a0flest mulige danske forskere til at f\u00e5 et ORCID forsker ID. Vi arbejder sammen i Det Danske ORCID Konsortium &#8211; ORCID-DK. Er du forsker, og er du\u00a0tilknyttet en af disses institutioner, beder vi dig kontakte din institution ang\u00e5ende sp\u00f8rgsm\u00e5l om &hellip; <a href=\"https:\/\/orcid-dk.dk\/?page_id=163&#038;lang=da\" class=\"more-link\">Continue reading<span class=\"screen-reader-text\"> &#8220;Medlemmer af ORCID-DK&#8221;<\/span><\/a><\/p>\n","protected":false},"author":5,"featured_media":0,"parent":0,"menu_order":0,"comment_status":"closed","ping_status":"closed","template":"","meta":{"footnotes":""},"class_list":["post-163","page","type-page","status-publish","hentry"],"_links":{"self":[{"href":"https:\/\/orcid-dk.dk\/index.php?rest_route=\/wp\/v2\/pages\/163","targetHints":{"allow":["GET"]}}],"collection":[{"href":"https:\/\/orcid-dk.dk\/index.php?rest_route=\/wp\/v2\/pages"}],"about":[{"href":"https:\/\/orcid-dk.dk\/index.php?rest_route=\/wp\/v2\/types\/page"}],"author":[{"embeddable":true,"href":"https:\/\/orcid-dk.dk\/index.php?rest_route=\/wp\/v2\/users\/5"}],"replies":[{"embeddable":true,"href":"https:\/\/orcid-dk.dk\/index.php?rest_route=%2Fwp%2Fv2%2Fcomments&post=163"}],"version-history":[{"count":10,"href":"https:\/\/orcid-dk.dk\/index.php?rest_route=\/wp\/v2\/pages\/163\/revisions"}],"predecessor-version":[{"id":775,"href":"https:\/\/orcid-dk.dk\/index.php?rest_route=\/wp\/v2\/pages\/163\/revisions\/775"}],"wp:attachment":[{"href":"https:\/\/orcid-dk.dk\/index.php?rest_route=%2Fwp%2Fv2%2Fmedia&parent=163"}],"curies":[{"name":"wp","href":"https:\/\/api.w.org\/{rel}","templated":true}]}}