{"id":146,"date":"2014-07-02T11:42:24","date_gmt":"2014-07-02T10:42:24","guid":{"rendered":"https:\/\/orcid-dk.dk\/?page_id=146"},"modified":"2023-02-14T15:46:35","modified_gmt":"2023-02-14T14:46:35","slug":"orcid-dit-forskerid-for-livet","status":"publish","type":"page","link":"https:\/\/orcid-dk.dk\/?page_id=146&lang=da","title":{"rendered":"ORCID k\u00e6der forskere og forskning sammen"},"content":{"rendered":"<p style=\"color: #000000;\"><strong>Det Danske ORCID Konsortium &#8211; ORCID DK<\/strong><\/p>\n<p style=\"color: #000000;\">En sikker identifikation af forskere er i dag vanskelig og ofte umulig. Navnesammenfald, navne\u00e6ndringer og ikke mindst fejl g\u00f8r identifikationen vanskelig og betyder at der hver eneste dag er forskere, som ikke f\u00e5 anerkendelse f\u00e5r deres arbejde. Det kan have store konsekvenser for forskningsinstitutionerne og universiteterne som kan miste b\u00e5de anerkendelse og penge.<\/p>\n<p style=\"color: #000000;\">ORCID\u00a0har etableret en international, uafh\u00e6ngig og ikke kommerciel l\u00f8sning p\u00e5 identifkationsproblemet. L\u00f8sningen har st\u00f8tte fra etablerede forlag, anerkendte universiteter og bevillingsgivere verden over.<\/p>\n<p style=\"color: #000000;\">Alle kan frit og gratis registrere sig hos ORCID.org og f\u00e5 et ORCID forsker-ID. ORCIDs v\u00e6rdi er direkte proportionalt med antallet af forskere med et ORCID ID. Derfor har Danmarks Elektroniske Fag- og Forskningsbiblioteker (DEFF) st\u00f8ttet et 2 \u00e5rigt projekt som vil udbrede anvendelse af ORCID blandt forskere i Danmark. <a href=\"https:\/\/www.deff.dk\/nyheder\/projekt-med-digitale-id-kort-til-forskere-en-succes\/\">L\u00e6s mere om projektet!\u00a0<\/a>Start for ORCID udrulningen i Danmark var 1. september 2014. Projektet er nu afsluttet og implementeringen af ORCID i Danmark ledes nu af Det Danske ORCID Konsortium &#8211; ORCID-DK.<\/p>\n","protected":false},"excerpt":{"rendered":"<p>Det Danske ORCID Konsortium &#8211; ORCID DK En sikker identifikation af forskere er i dag vanskelig og ofte umulig. Navnesammenfald, navne\u00e6ndringer og ikke mindst fejl g\u00f8r identifikationen vanskelig og betyder at der hver eneste dag er forskere, som ikke f\u00e5 anerkendelse f\u00e5r deres arbejde. Det kan have store konsekvenser for forskningsinstitutionerne og universiteterne som kan &hellip; <a href=\"https:\/\/orcid-dk.dk\/?page_id=146&#038;lang=da\" class=\"more-link\">Continue reading<span class=\"screen-reader-text\"> &#8220;ORCID k\u00e6der forskere og forskning sammen&#8221;<\/span><\/a><\/p>\n","protected":false},"author":2,"featured_media":0,"parent":0,"menu_order":0,"comment_status":"closed","ping_status":"closed","template":"","meta":{"footnotes":""},"class_list":["post-146","page","type-page","status-publish","hentry"],"_links":{"self":[{"href":"https:\/\/orcid-dk.dk\/index.php?rest_route=\/wp\/v2\/pages\/146","targetHints":{"allow":["GET"]}}],"collection":[{"href":"https:\/\/orcid-dk.dk\/index.php?rest_route=\/wp\/v2\/pages"}],"about":[{"href":"https:\/\/orcid-dk.dk\/index.php?rest_route=\/wp\/v2\/types\/page"}],"author":[{"embeddable":true,"href":"https:\/\/orcid-dk.dk\/index.php?rest_route=\/wp\/v2\/users\/2"}],"replies":[{"embeddable":true,"href":"https:\/\/orcid-dk.dk\/index.php?rest_route=%2Fwp%2Fv2%2Fcomments&post=146"}],"version-history":[{"count":40,"href":"https:\/\/orcid-dk.dk\/index.php?rest_route=\/wp\/v2\/pages\/146\/revisions"}],"predecessor-version":[{"id":772,"href":"https:\/\/orcid-dk.dk\/index.php?rest_route=\/wp\/v2\/pages\/146\/revisions\/772"}],"wp:attachment":[{"href":"https:\/\/orcid-dk.dk\/index.php?rest_route=%2Fwp%2Fv2%2Fmedia&parent=146"}],"curies":[{"name":"wp","href":"https:\/\/api.w.org\/{rel}","templated":true}]}}